{"id":607,"date":"2021-05-21T08:19:48","date_gmt":"2021-05-21T06:19:48","guid":{"rendered":"http:\/\/fabrykaogrodzieniec.pl\/?page_id=607"},"modified":"2024-12-31T09:30:55","modified_gmt":"2024-12-31T08:30:55","slug":"do-pobrania","status":"publish","type":"page","link":"http:\/\/fabrykaogrodzieniec.pl\/index.php\/do-pobrania\/","title":{"rendered":"Do pobrania"},"content":{"rendered":"<p>[et_pb_section fb_built=&#8221;1&#8243; admin_label=&#8221;Header&#8221; _builder_version=&#8221;4.16&#8243; _module_preset=&#8221;default&#8221; overflow-x=&#8221;hidden&#8221; overflow-y=&#8221;hidden&#8221; custom_padding=&#8221;30px||0px|||&#8221; global_colors_info=&#8221;{}&#8221;][et_pb_row use_custom_gutter=&#8221;on&#8221; make_equal=&#8221;on&#8221; _builder_version=&#8221;4.16&#8243; _module_preset=&#8221;default&#8221; custom_padding=&#8221;||0px|||&#8221; global_colors_info=&#8221;{}&#8221;][et_pb_column type=&#8221;4_4&#8243; _builder_version=&#8221;4.16&#8243; _module_preset=&#8221;default&#8221; custom_padding=&#8221;||50px||false|false&#8221; global_colors_info=&#8221;{}&#8221;][et_pb_text _builder_version=&#8221;4.16&#8243; _module_preset=&#8221;default&#8221; header_font=&#8221;Bebas Neue||||||||&#8221; header_font_size=&#8221;150px&#8221; header_line_height=&#8221;0.8em&#8221; custom_padding=&#8221;|||41px||&#8221; header_font_size_tablet=&#8221;80px&#8221; header_font_size_phone=&#8221;48px&#8221; header_font_size_last_edited=&#8221;on|tablet&#8221; header_line_height_tablet=&#8221;1em&#8221; header_line_height_phone=&#8221;&#8221; header_line_height_last_edited=&#8221;on|tablet&#8221; box_shadow_style=&#8221;preset4&#8243; box_shadow_horizontal=&#8221;-540px&#8221; box_shadow_vertical=&#8221;0px&#8221; box_shadow_color=&#8221;#a3a3a3&#8243; box_shadow_horizontal_tablet=&#8221;-83vw&#8221; box_shadow_horizontal_phone=&#8221;&#8221; box_shadow_horizontal_last_edited=&#8221;on|phone&#8221; global_colors_info=&#8221;{}&#8221;]<\/p>\n<h1><span style=\"color: #a3a3a3;\">Do pobrania<\/span><\/h1>\n<p>[\/et_pb_text][\/et_pb_column][\/et_pb_row][\/et_pb_section][et_pb_section fb_built=&#8221;1&#8243; admin_label=&#8221;Blog&#8221; _builder_version=&#8221;4.16&#8243; _module_preset=&#8221;default&#8221; custom_padding=&#8221;0px||||false|false&#8221; global_colors_info=&#8221;{}&#8221;][et_pb_row column_structure=&#8221;3_4,1_4&#8243; _builder_version=&#8221;4.16&#8243; _module_preset=&#8221;default&#8221; global_colors_info=&#8221;{}&#8221;][et_pb_column type=&#8221;3_4&#8243; _builder_version=&#8221;4.16&#8243; _module_preset=&#8221;default&#8221; global_colors_info=&#8221;{}&#8221;][et_pb_blurb title=&#8221;Dokumenty do pobrania&#8221; use_icon=&#8221;on&#8221; font_icon=&#8221;&#xe016;||divi||400&#8243; icon_color=&#8221;#2a2a2a&#8221; icon_placement=&#8221;left&#8221; image_icon_width=&#8221;24px&#8221; _builder_version=&#8221;4.25.2&#8243; _dynamic_attributes=&#8221;link_option_url&#8221; _module_preset=&#8221;default&#8221; header_font_size=&#8221;16px&#8221; header_line_height=&#8221;1.2em&#8221; custom_margin=&#8221;||10px||false|false&#8221; animation=&#8221;off&#8221; link_option_url=&#8221;@ET-DC@eyJkeW5hbWljIjp0cnVlLCJjb250ZW50IjoicG9zdF9saW5rX3VybF9hdHRhY2htZW50Iiwic2V0dGluZ3MiOnsicG9zdF9pZCI6IjIyOCJ9fQ==@&#8221; link_option_url_new_window=&#8221;on&#8221; hover_enabled=&#8221;0&#8243; header_font_size_tablet=&#8221;16px&#8221; header_font_size_phone=&#8221;14px&#8221; header_font_size_last_edited=&#8221;on|desktop&#8221; icon_font_size=&#8221;24px&#8221; global_colors_info=&#8221;{}&#8221; sticky_enabled=&#8221;0&#8243;]<\/p>\n<p><span style=\"color: #ff0000;\">\u00a0<\/span><\/p>\n<ul>\n<li><span style=\"color: #ff0000;\"><a href=\"http:\/\/fabrykaogrodzieniec.pl\/wp-content\/uploads\/2022\/01\/Oswiadczenie-o-adresie-do-korespondencji.pdf\" target=\"_blank\" rel=\"noopener\" style=\"color: #ff0000;\">O\u015bwiadczenie o adresie do korespondencji<\/a><\/span><\/li>\n<li><span style=\"color: #ff0000;\"><a href=\"http:\/\/fabrykaogrodzieniec.pl\/wp-content\/uploads\/2024\/12\/Oswiadczenie-o-liczbie-osob-zamieszkalych.pdf\" target=\"_blank\" rel=\"noopener\" style=\"color: #ff0000;\">O\u015bwiadczenie o liczbie os\u00f3b zamieszka\u0142ych w lokalu<\/a><\/span><a href=\"http:\/\/fabrykaogrodzieniec.pl\/wp-content\/uploads\/2022\/08\/Podanie-o-zwrot-nadplaty.pdf\" target=\"_blank\" rel=\"noopener\"><span style=\"color: #ff0000;\"><\/span><\/a><\/li>\n<li><a href=\"http:\/\/fabrykaogrodzieniec.pl\/wp-content\/uploads\/2023\/09\/Oswiadczenie-o-butli-gazowej.pdf\" target=\"_blank\" rel=\"noopener\"><span style=\"color: #ff0000;\">O\u015bwiadczenie o nieposiadaniu butli gazowej propan-butan<\/span><\/a><\/li>\n<li><span style=\"color: #ff0000;\"><a href=\"http:\/\/fabrykaogrodzieniec.pl\/wp-content\/uploads\/2022\/01\/Pelnomocnictwo-stale.pdf\" target=\"_blank\" rel=\"noopener\" style=\"color: #ff0000;\">Pe\u0142nomocnictwo sta\u0142e (wszystkie zebrania wsp\u00f3lnoty mieszkaniowej)<\/a><\/span><\/li>\n<li><span style=\"color: #ff0000;\"><a href=\"http:\/\/fabrykaogrodzieniec.pl\/wp-content\/uploads\/2022\/01\/Pelnomocnictwo-rodzajowe-jedno-zebranie.pdf\" target=\"_blank\" rel=\"noopener\" style=\"color: #ff0000;\">Pe\u0142nomocnictwo rodzajowe (jedno zebranie wsp\u00f3lnoty mieszkaniowej)<\/a><\/span><\/li>\n<li><a href=\"http:\/\/fabrykaogrodzieniec.pl\/wp-content\/uploads\/2022\/08\/Podanie-o-zwrot-nadplaty.pdf\" target=\"_blank\" rel=\"noopener\"><span style=\"color: #ff0000;\">Podanie o zwrot nadp\u0142aty<\/span><\/a><span style=\"color: #ff0000;\"><\/span><\/li>\n<li><span style=\"color: #333333;\"><a href=\"http:\/\/fabrykaogrodzieniec.pl\/wp-content\/uploads\/2022\/01\/Rezygnacja-z-zarzadu-WMN.pdf\" target=\"_blank\" rel=\"noopener\" style=\"color: #333333;\"><span style=\"color: #ff0000;\">Rezygnacja z pe\u0142nienia funkcji cz\u0142onka Zarz\u0105du Wsp\u00f3lnoty Mieszkaniowej<\/span><\/a><\/span><\/li>\n<\/ul>\n<p>[\/et_pb_blurb][\/et_pb_column][et_pb_column type=&#8221;1_4&#8243; _builder_version=&#8221;4.16&#8243; _module_preset=&#8221;default&#8221; global_colors_info=&#8221;{}&#8221;][et_pb_sidebar _builder_version=&#8221;4.16&#8243; _module_preset=&#8221;default&#8221; header_font=&#8221;Bebas Neue||||||||&#8221; header_font_size=&#8221;24px&#8221; body_font_size=&#8221;14px&#8221; body_line_height=&#8221;1.8em&#8221; custom_padding=&#8221;|0px|||false|false&#8221; header_font_size_tablet=&#8221;24px&#8221; header_font_size_phone=&#8221;20px&#8221; header_font_size_last_edited=&#8221;on|desktop&#8221; border_color_all=&#8221;rgba(0,0,0,0)&#8221; global_colors_info=&#8221;{}&#8221;][\/et_pb_sidebar][\/et_pb_column][\/et_pb_row][\/et_pb_section][et_pb_section fb_built=&#8221;1&#8243; admin_label=&#8221;Footer&#8221; _builder_version=&#8221;4.16&#8243; _module_preset=&#8221;default&#8221; background_color=&#8221;#000000&#8243; global_colors_info=&#8221;{}&#8221;][et_pb_row column_structure=&#8221;1_2,1_4,1_4&#8243; _builder_version=&#8221;4.16&#8243; _module_preset=&#8221;default&#8221; global_colors_info=&#8221;{}&#8221;][et_pb_column type=&#8221;1_2&#8243; _builder_version=&#8221;4.16&#8243; _module_preset=&#8221;default&#8221; global_colors_info=&#8221;{}&#8221;][et_pb_text _builder_version=&#8221;4.16&#8243; _module_preset=&#8221;default&#8221; text_font=&#8221;Bebas Neue||||||||&#8221; text_text_color=&#8221;#ffffff&#8221; text_font_size=&#8221;40px&#8221; text_letter_spacing=&#8221;0.05em&#8221; text_line_height=&#8221;1.2em&#8221; link_text_color=&#8221;#ffffff&#8221; header_3_font=&#8221;Bebas Neue||||||||&#8221; header_3_text_color=&#8221;rgba(255,255,255,0.48)&#8221; text_font_size_tablet=&#8221;30px&#8221; text_font_size_phone=&#8221;22px&#8221; text_font_size_last_edited=&#8221;on|tablet&#8221; global_colors_info=&#8221;{}&#8221;]<\/p>\n<h3>Telefon<\/h3>\n<p><a href=\"tel:607574472\"><span><b>607 574 472<\/b><\/span><\/a><\/p>\n<p>[\/et_pb_text][et_pb_text _builder_version=&#8221;4.16&#8243; _module_preset=&#8221;default&#8221; text_font=&#8221;Bebas Neue||||||||&#8221; text_text_color=&#8221;#ffffff&#8221; text_font_size=&#8221;40px&#8221; text_letter_spacing=&#8221;0.05em&#8221; text_line_height=&#8221;1.2em&#8221; link_text_color=&#8221;#e22d3f&#8221; header_3_font=&#8221;Bebas Neue||||||||&#8221; header_3_text_color=&#8221;rgba(255,255,255,0.48)&#8221; text_font_size_tablet=&#8221;30px&#8221; text_font_size_phone=&#8221;22px&#8221; text_font_size_last_edited=&#8221;on|tablet&#8221; global_colors_info=&#8221;{}&#8221;]<\/p>\n<h3>Email<\/h3>\n<p><a href=\"mailto:fabrykaogrodzieniec@op.pl\">fabrykaogrodzieniec@op.pl<\/a><\/p>\n<p>[\/et_pb_text][et_pb_social_media_follow _builder_version=&#8221;4.16&#8243; _module_preset=&#8221;default&#8221; global_colors_info=&#8221;{}&#8221; body_font_size_tablet=&#8221;20px&#8221; body_font_size_phone=&#8221;16px&#8221; body_font_size_last_edited=&#8221;on|phone&#8221; icon_color__hover_enabled=&#8221;on|hover&#8221; icon_color__hover=&#8221;#ea3900&#8243;][et_pb_social_media_follow_network social_network=&#8221;facebook&#8221; url=&#8221;http:\/\/www.facebook.com\/fabrykaogrodzieniec&#8221; _builder_version=&#8221;4.16&#8243; _module_preset=&#8221;default&#8221; background_enable_color=&#8221;off&#8221; global_colors_info=&#8221;{}&#8221; follow_button=&#8221;off&#8221; url_new_window=&#8221;on&#8221;]facebook[\/et_pb_social_media_follow_network][\/et_pb_social_media_follow][\/et_pb_column][et_pb_column type=&#8221;1_4&#8243; _builder_version=&#8221;4.16&#8243; _module_preset=&#8221;default&#8221; global_colors_info=&#8221;{}&#8221;][et_pb_text _builder_version=&#8221;4.16&#8243; _module_preset=&#8221;default&#8221; header_4_font=&#8221;Bebas Neue||||||||&#8221; header_4_font_size=&#8221;22px&#8221; header_4_letter_spacing=&#8221;4px&#8221; header_4_line_height=&#8221;1.6em&#8221; background_layout=&#8221;dark&#8221; custom_margin=&#8221;||||false|false&#8221; header_4_font_size_tablet=&#8221;20px&#8221; header_4_font_size_phone=&#8221;16px&#8221; header_4_font_size_last_edited=&#8221;on|phone&#8221; border_color_all=&#8221;#e22d3f&#8221; border_width_bottom=&#8221;5px&#8221; locked=&#8221;off&#8221; global_colors_info=&#8221;{}&#8221; custom_margin__hover_enabled=&#8221;off|desktop&#8221;]<\/p>\n<h4>Godziny pracy<\/h4>\n<p>[\/et_pb_text][et_pb_text _builder_version=&#8221;4.16&#8243; _module_preset=&#8221;default&#8221; text_font=&#8221;|600|||||||&#8221; text_font_size=&#8221;16px&#8221; text_line_height=&#8221;2em&#8221; link_text_color=&#8221;#ffffff&#8221; background_layout=&#8221;dark&#8221; text_font_size_tablet=&#8221;&#8221; text_font_size_phone=&#8221;14px&#8221; text_font_size_last_edited=&#8221;on|phone&#8221; global_colors_info=&#8221;{}&#8221; link_text_color__hover_enabled=&#8221;on|desktop&#8221; link_text_color__hover=&#8221;#ea3900&#8243;]<\/p>\n<p>poniedzia\u0142ek<br \/>9:00 &#8211; 17:00<\/p>\n<p>wtorek &#8211; pi\u0105tek<br \/>7:00 &#8211; 15:00<\/p>\n<p>[\/et_pb_text][\/et_pb_column][et_pb_column type=&#8221;1_4&#8243; _builder_version=&#8221;4.16&#8243; _module_preset=&#8221;default&#8221; global_colors_info=&#8221;{}&#8221;][et_pb_text _builder_version=&#8221;4.16&#8243; _module_preset=&#8221;default&#8221; header_4_font=&#8221;Bebas Neue||||||||&#8221; header_4_font_size=&#8221;22px&#8221; header_4_letter_spacing=&#8221;4px&#8221; header_4_line_height=&#8221;1.6em&#8221; background_layout=&#8221;dark&#8221; custom_margin=&#8221;||||false|false&#8221; header_4_font_size_tablet=&#8221;20px&#8221; header_4_font_size_phone=&#8221;16px&#8221; header_4_font_size_last_edited=&#8221;on|phone&#8221; border_color_all=&#8221;#e22d3f&#8221; border_width_bottom=&#8221;5px&#8221; locked=&#8221;off&#8221; global_colors_info=&#8221;{}&#8221; custom_margin__hover_enabled=&#8221;off|desktop&#8221;]<\/p>\n<h4>Adres<\/h4>\n<p>[\/et_pb_text][et_pb_text _builder_version=&#8221;4.16&#8243; _module_preset=&#8221;default&#8221; text_font=&#8221;|600|||||||&#8221; text_font_size=&#8221;16px&#8221; text_line_height=&#8221;2em&#8221; link_text_color=&#8221;#ffffff&#8221; background_layout=&#8221;dark&#8221; text_font_size_tablet=&#8221;&#8221; text_font_size_phone=&#8221;14px&#8221; text_font_size_last_edited=&#8221;on|phone&#8221; locked=&#8221;off&#8221; global_colors_info=&#8221;{}&#8221; link_text_color__hover=&#8221;#ea3900&#8243; link_text_color__hover_enabled=&#8221;on|desktop&#8221;]<\/p>\n<p>Centrala<br \/>Plac Wolno\u015bci 42<br \/>42-440 Ogrodzieniec<\/p>\n<p>Administracja mieszkaniowa<br \/>ul. S\u0142owackiego 11 B<br \/>42-440 Ogrodzieniec<\/p>\n<p>[\/et_pb_text][\/et_pb_column][\/et_pb_row][\/et_pb_section]<\/p>\n","protected":false},"excerpt":{"rendered":"<p>Do pobrania\u00a0 O\u015bwiadczenie o adresie do korespondencji O\u015bwiadczenie o liczbie os\u00f3b zamieszka\u0142ych w lokalu O\u015bwiadczenie o nieposiadaniu butli gazowej propan-butan Pe\u0142nomocnictwo sta\u0142e (wszystkie zebrania wsp\u00f3lnoty mieszkaniowej) Pe\u0142nomocnictwo rodzajowe (jedno zebranie wsp\u00f3lnoty mieszkaniowej) Podanie o zwrot nadp\u0142aty Rezygnacja z pe\u0142nienia funkcji cz\u0142onka Zarz\u0105du Wsp\u00f3lnoty Mieszkaniowej Telefon 607 574 472Email fabrykaogrodzieniec@op.plGodziny pracyponiedzia\u0142ek9:00 &#8211; 17:00 wtorek &#8211; pi\u0105tek7:00 [&hellip;]<\/p>\n","protected":false},"author":1,"featured_media":0,"parent":0,"menu_order":0,"comment_status":"closed","ping_status":"closed","template":"","meta":{"_et_pb_use_builder":"on","_et_pb_old_content":"","_et_gb_content_width":"","footnotes":""},"class_list":["post-607","page","type-page","status-publish","hentry"],"_links":{"self":[{"href":"http:\/\/fabrykaogrodzieniec.pl\/index.php\/wp-json\/wp\/v2\/pages\/607","targetHints":{"allow":["GET"]}}],"collection":[{"href":"http:\/\/fabrykaogrodzieniec.pl\/index.php\/wp-json\/wp\/v2\/pages"}],"about":[{"href":"http:\/\/fabrykaogrodzieniec.pl\/index.php\/wp-json\/wp\/v2\/types\/page"}],"author":[{"embeddable":true,"href":"http:\/\/fabrykaogrodzieniec.pl\/index.php\/wp-json\/wp\/v2\/users\/1"}],"replies":[{"embeddable":true,"href":"http:\/\/fabrykaogrodzieniec.pl\/index.php\/wp-json\/wp\/v2\/comments?post=607"}],"version-history":[{"count":7,"href":"http:\/\/fabrykaogrodzieniec.pl\/index.php\/wp-json\/wp\/v2\/pages\/607\/revisions"}],"predecessor-version":[{"id":1841,"href":"http:\/\/fabrykaogrodzieniec.pl\/index.php\/wp-json\/wp\/v2\/pages\/607\/revisions\/1841"}],"wp:attachment":[{"href":"http:\/\/fabrykaogrodzieniec.pl\/index.php\/wp-json\/wp\/v2\/media?parent=607"}],"curies":[{"name":"wp","href":"https:\/\/api.w.org\/{rel}","templated":true}]}}